{"id":28,"date":"2013-07-18T16:38:23","date_gmt":"2013-07-18T14:38:23","guid":{"rendered":"http:\/\/borland.com.hr\/wp\/?page_id=28"},"modified":"2013-07-18T16:38:50","modified_gmt":"2013-07-18T14:38:50","slug":"28-2","status":"publish","type":"page","link":"https:\/\/borland.com.hr\/?page_id=28","title":{"rendered":"Web obrazac za kontakt"},"content":{"rendered":"<p>Ukoliko nas \u017eelite kontaktirati putem web-a, molimo ispunite donji obrazac.<br \/>\n\n<div class=\"wpcf7 no-js\" id=\"wpcf7-f27-o1\" lang=\"en-US\" dir=\"ltr\" data-wpcf7-id=\"27\">\n<div class=\"screen-reader-response\"><p role=\"status\" aria-live=\"polite\" aria-atomic=\"true\"><\/p> <ul><\/ul><\/div>\n<form action=\"\/index.php?rest_route=%2Fwp%2Fv2%2Fpages%2F28#wpcf7-f27-o1\" method=\"post\" class=\"wpcf7-form init\" aria-label=\"Contact form\" novalidate=\"novalidate\" data-status=\"init\">\n<fieldset class=\"hidden-fields-container\"><input type=\"hidden\" name=\"_wpcf7\" value=\"27\" \/><input type=\"hidden\" name=\"_wpcf7_version\" value=\"6.1.5\" \/><input type=\"hidden\" name=\"_wpcf7_locale\" value=\"en_US\" \/><input type=\"hidden\" name=\"_wpcf7_unit_tag\" value=\"wpcf7-f27-o1\" \/><input type=\"hidden\" name=\"_wpcf7_container_post\" value=\"0\" \/><input type=\"hidden\" name=\"_wpcf7_posted_data_hash\" value=\"\" \/>\n<\/fieldset>\n<p>Va\u0161e ime i tvrtka (obavezno)\n<\/p>\n<p><span class=\"wpcf7-form-control-wrap\" data-name=\"your-name\"><input size=\"40\" maxlength=\"400\" class=\"wpcf7-form-control wpcf7-text wpcf7-validates-as-required\" aria-required=\"true\" aria-invalid=\"false\" value=\"\" type=\"text\" name=\"your-name\" \/><\/span>\n<\/p>\n<p>Broj telefona za kontakt\n<\/p>\n<p><span class=\"wpcf7-form-control-wrap\" data-name=\"your-phone\"><input size=\"40\" maxlength=\"400\" class=\"wpcf7-form-control wpcf7-text\" aria-invalid=\"false\" value=\"\" type=\"text\" name=\"your-phone\" \/><\/span>\n<\/p>\n<p>E-mail adresa (obavezno)\n<\/p>\n<p><span class=\"wpcf7-form-control-wrap\" data-name=\"your-email\"><input size=\"40\" maxlength=\"400\" class=\"wpcf7-form-control wpcf7-email wpcf7-validates-as-required wpcf7-text wpcf7-validates-as-email\" aria-required=\"true\" aria-invalid=\"false\" value=\"\" type=\"email\" name=\"your-email\" \/><\/span>\n<\/p>\n<p>Naslov\n<\/p>\n<p><span class=\"wpcf7-form-control-wrap\" data-name=\"your-subject\"><input size=\"40\" maxlength=\"400\" class=\"wpcf7-form-control wpcf7-text\" aria-invalid=\"false\" value=\"\" type=\"text\" name=\"your-subject\" \/><\/span>\n<\/p>\n<p>Poruka\n<\/p>\n<p><span class=\"wpcf7-form-control-wrap\" data-name=\"your-message\"><textarea cols=\"40\" rows=\"10\" maxlength=\"2000\" class=\"wpcf7-form-control wpcf7-textarea\" aria-invalid=\"false\" name=\"your-message\"><\/textarea><\/span>\n<\/p>\n<p><span class=\"wpcf7-form-control-wrap\" data-name=\"acceptance-385\"><span class=\"wpcf7-form-control wpcf7-acceptance\"><span class=\"wpcf7-list-item\"><label><input type=\"checkbox\" name=\"acceptance-385\" value=\"1\" aria-invalid=\"false\" \/><span class=\"wpcf7-list-item-label\">Odabirom opcije \u201ePo\u0161alji\u201c dajem svoju izri\u010ditu suglasnost i privolu da tvrtka KONTO d.o.o. Po\u017eega, zastupnik i distributer tvrtke Borland \/ MicroFocus  (u daljnjem tekstu KONTO) prikuplja, obra\u0111uje, koristi i analizira podatke koji se odnose na mene, uklju\u010duju\u0107i i moje osobne podatke. Privola se izri\u010dito odnosi na podatke koje sam dala\/dao KONTU prilikom popunjavanja web obrasca za kontakt.\n<\/br>\nOvime dajem izri\u010ditu privolu KONTU da mo\u017ee poduzimati radnje vezano za obradu mojih osobnih podataka u skladu s propisima koji ure\u0111uju za\u0161titu osobnih podataka, a u svrhu pru\u017eanja informacija o proizvodima i uslugama tvrtke KONTO i poslovnih partnera koje KONTO zastupa.\n<\/br>\nOdabirom opcije \u201ePo\u0161alji\u201c, potvr\u0111ujem da sam prije davanja suglasnosti\nobavije\u0161tena\/obavije\u0161ten o sljede\u0107em:<\/br>\n\u2022suglasnost dajem dobrovoljno <\/br>\n\u2022da sam informiran o svrsi obrade kojoj su podaci namijenjeni <\/br>\n\u2022suglasnost mogu opozvati te KONTO nakon toga vi\u0161e ne\u0107e obra\u0111ivati podatke u svrhu za koju je suglasnost bila dana <\/br>\n\u2022opoziv suglasnosti ne utje\u010de na zakonitost obrade prije njezina opoziva <\/br>\n\u2022KONTO \u0107e \u010duvati podatke o suglasnosti i obradama kako bi dokazao zakonitost obrade <\/br>\nOva privola vrijedi do opoziva. Opozvati ju mogu pismenim putem slanjem e-maila na privatnost@konto.hr<\/span><\/label><\/span><\/span><\/span>\n<\/p>\n<p><input class=\"wpcf7-form-control wpcf7-submit has-spinner\" type=\"submit\" value=\"Po\u0161alji\" \/>\n<\/p><div class=\"wpcf7-response-output\" aria-hidden=\"true\"><\/div>\n<\/form>\n<\/div>\n<\/p>\n","protected":false},"excerpt":{"rendered":"<p>Ukoliko nas \u017eelite kontaktirati putem web-a, molimo ispunite donji obrazac.<\/p>\n","protected":false},"author":1,"featured_media":0,"parent":0,"menu_order":0,"comment_status":"closed","ping_status":"closed","template":"","meta":{"footnotes":""},"class_list":["post-28","page","type-page","status-publish","hentry"],"_links":{"self":[{"href":"https:\/\/borland.com.hr\/index.php?rest_route=\/wp\/v2\/pages\/28","targetHints":{"allow":["GET"]}}],"collection":[{"href":"https:\/\/borland.com.hr\/index.php?rest_route=\/wp\/v2\/pages"}],"about":[{"href":"https:\/\/borland.com.hr\/index.php?rest_route=\/wp\/v2\/types\/page"}],"author":[{"embeddable":true,"href":"https:\/\/borland.com.hr\/index.php?rest_route=\/wp\/v2\/users\/1"}],"replies":[{"embeddable":true,"href":"https:\/\/borland.com.hr\/index.php?rest_route=%2Fwp%2Fv2%2Fcomments&post=28"}],"version-history":[{"count":0,"href":"https:\/\/borland.com.hr\/index.php?rest_route=\/wp\/v2\/pages\/28\/revisions"}],"wp:attachment":[{"href":"https:\/\/borland.com.hr\/index.php?rest_route=%2Fwp%2Fv2%2Fmedia&parent=28"}],"curies":[{"name":"wp","href":"https:\/\/api.w.org\/{rel}","templated":true}]}}